{"id":3548,"date":"2025-10-10T20:26:27","date_gmt":"2025-10-10T18:26:27","guid":{"rendered":"https:\/\/allship.es\/producte\/motor-electrico-ghostx-47\/"},"modified":"2026-02-17T20:59:13","modified_gmt":"2026-02-17T19:59:13","slug":"motor-electrico-ghostx-47","status":"publish","type":"product","link":"https:\/\/allship.es\/es\/producto\/motor-electrico-ghostx-47\/","title":{"rendered":"Motor el\u00e9ctrico GHOSTX 47&#8243;"},"content":{"rendered":"<p>Motor de pesca con curric\u00e0n GHOST X de 47&#8243;. Pot\u00e9ncia mejorada y motor m\u00e1s silenci\u00f3so y eficiente. Longitud del eje de 47&#8243;, con frontal 3 en 1 Active Imaging i pedal.<\/p>\n","protected":false},"excerpt":{"rendered":"<p>Motor de pesca con curric\u00e1n GHOST X de 47&#8243;<\/p>\n","protected":false},"featured_media":3538,"comment_status":"open","ping_status":"closed","template":"","meta":{"_et_pb_use_builder":"","_et_pb_old_content":"","_et_gb_content_width":""},"product_brand":[],"product_cat":[108,102,100,81,90],"product_tag":[],"class_list":{"0":"post-3548","1":"product","2":"type-product","3":"status-publish","4":"has-post-thumbnail","6":"product_cat-motores-electricos","7":"product_cat-novedades","8":"product_cat-ofertas","9":"product_cat-piloto-automatico-es","10":"product_cat-uncategorized-ca-es","12":"first","13":"instock","14":"taxable","15":"shipping-taxable","16":"purchasable","17":"product-type-simple"},"_links":{"self":[{"href":"https:\/\/allship.es\/es\/wp-json\/wp\/v2\/product\/3548","targetHints":{"allow":["GET"]}}],"collection":[{"href":"https:\/\/allship.es\/es\/wp-json\/wp\/v2\/product"}],"about":[{"href":"https:\/\/allship.es\/es\/wp-json\/wp\/v2\/types\/product"}],"replies":[{"embeddable":true,"href":"https:\/\/allship.es\/es\/wp-json\/wp\/v2\/comments?post=3548"}],"wp:featuredmedia":[{"embeddable":true,"href":"https:\/\/allship.es\/es\/wp-json\/wp\/v2\/media\/3538"}],"wp:attachment":[{"href":"https:\/\/allship.es\/es\/wp-json\/wp\/v2\/media?parent=3548"}],"wp:term":[{"taxonomy":"product_brand","embeddable":true,"href":"https:\/\/allship.es\/es\/wp-json\/wp\/v2\/product_brand?post=3548"},{"taxonomy":"product_cat","embeddable":true,"href":"https:\/\/allship.es\/es\/wp-json\/wp\/v2\/product_cat?post=3548"},{"taxonomy":"product_tag","embeddable":true,"href":"https:\/\/allship.es\/es\/wp-json\/wp\/v2\/product_tag?post=3548"}],"curies":[{"name":"wp","href":"https:\/\/api.w.org\/{rel}","templated":true}]}}