{"id":3250,"date":"2024-08-19T18:25:35","date_gmt":"2024-08-19T16:25:35","guid":{"rendered":"https:\/\/allship.es\/?post_type=product&#038;p=3250"},"modified":"2024-08-19T18:25:35","modified_gmt":"2024-08-19T16:25:35","slug":"bg-zeus3s-12-mfdworld-basemap","status":"publish","type":"product","link":"https:\/\/allship.es\/es\/producto\/bg-zeus3s-12-mfdworld-basemap\/","title":{"rendered":"BG ZEUS3S 12 MFD,WORLD BASEMAP"},"content":{"rendered":"","protected":false},"excerpt":{"rendered":"<p>BG Zeus\u00b3S-12 es un sistema de navegaci\u00f3n plotter f\u00e1cil de utilitzar para cruceros y regatistas, que incorpora una pantalla t\u00e0ctil de 12 pulgadas, electr\u00f3nica de alto rendimento y una amplia gama de funcionalidades dise\u00f1adas espec\u00edficamente para los navegantes. Gr\u00e0ficos de mapas base del mundo<\/p>\n","protected":false},"featured_media":3249,"comment_status":"open","ping_status":"closed","template":"","meta":{"_et_pb_use_builder":"","_et_pb_old_content":"","_et_gb_content_width":""},"product_brand":[],"product_cat":[76],"product_tag":[],"class_list":{"0":"post-3250","1":"product","2":"type-product","3":"status-publish","4":"has-post-thumbnail","6":"product_cat-electronica-navegacion-es","8":"first","9":"instock","10":"taxable","11":"shipping-taxable","12":"purchasable","13":"product-type-simple"},"_links":{"self":[{"href":"https:\/\/allship.es\/es\/wp-json\/wp\/v2\/product\/3250","targetHints":{"allow":["GET"]}}],"collection":[{"href":"https:\/\/allship.es\/es\/wp-json\/wp\/v2\/product"}],"about":[{"href":"https:\/\/allship.es\/es\/wp-json\/wp\/v2\/types\/product"}],"replies":[{"embeddable":true,"href":"https:\/\/allship.es\/es\/wp-json\/wp\/v2\/comments?post=3250"}],"wp:featuredmedia":[{"embeddable":true,"href":"https:\/\/allship.es\/es\/wp-json\/wp\/v2\/media\/3249"}],"wp:attachment":[{"href":"https:\/\/allship.es\/es\/wp-json\/wp\/v2\/media?parent=3250"}],"wp:term":[{"taxonomy":"product_brand","embeddable":true,"href":"https:\/\/allship.es\/es\/wp-json\/wp\/v2\/product_brand?post=3250"},{"taxonomy":"product_cat","embeddable":true,"href":"https:\/\/allship.es\/es\/wp-json\/wp\/v2\/product_cat?post=3250"},{"taxonomy":"product_tag","embeddable":true,"href":"https:\/\/allship.es\/es\/wp-json\/wp\/v2\/product_tag?post=3250"}],"curies":[{"name":"wp","href":"https:\/\/api.w.org\/{rel}","templated":true}]}}