{"id":3021,"date":"2024-07-21T20:41:32","date_gmt":"2024-07-21T18:41:32","guid":{"rendered":"https:\/\/allship.es\/producte\/raymarine-piloto-hidraulico-evolutioncon-p70rs-acu-100-ev1-bomba-hidraulica-12v-05l\/"},"modified":"2024-07-28T00:39:21","modified_gmt":"2024-07-27T22:39:21","slug":"raymarine-piloto-hidraulico-evolutioncon-p70rs-acu-100-ev1-bomba-hidraulica-12v-05l","status":"publish","type":"product","link":"https:\/\/allship.es\/es\/producto\/raymarine-piloto-hidraulico-evolutioncon-p70rs-acu-100-ev1-bomba-hidraulica-12v-05l\/","title":{"rendered":"RAYMARINE Piloto Hidr\u00e0ulico Evolutioncon p70Rs, ACU-100, EV1, bomba hidr\u00e0ulica 12V 0,5l."},"content":{"rendered":"<p>El <strong>Pilot Evolution EV-100 Motor<\/strong> es ideal para embarcaciones con direcci\u00f3n hidr\u00e1ulica con cilindro entre 50 y 110cc. Este sistema de piloto autom\u00e1tico incluye el sensor EV-1, la unidad de control ACU-100, la unidad de control p70Rs y una bomba hidr\u00e1ulica reversible Tipo 0,5 litros, proporcionando una soluci\u00f3n de navegaci\u00f3n autom\u00e1tica robusta y eficiente.<\/p>\n<p><strong>Componentes del Sistema:<\/strong><\/p>\n<ul>\n<li><strong>Sensor EV-1:<\/strong> Encargado de capturar los movimientos del barco y ajustar autom\u00e1ticamente el piloto para garantizar un control preciso y estable.<\/li>\n<li><strong>ACU-100:<\/strong> Act\u00faa como el cerebro del sistema, controlando la potencia y la comunicaci\u00f3n entre los componentes del piloto autom\u00e1tico.<\/li>\n<li><strong>Unidad de Control p70Rs:<\/strong> Permite una manipulaci\u00f3n f\u00e1cil y directa del piloto autom\u00e1tico, con una interfaz intuitiva y f\u00e1cil de usar.<\/li>\n<li><strong>Bomba Hidr\u00e1ulica Reversible Tipo 0,5 Litros:<\/strong> Proporciona el movimiento hidr\u00e1ulico necesario para operar la direcci\u00f3n del barco, dise\u00f1ada para cilindros de direcci\u00f3n de 50 a 110cc.<\/li>\n<\/ul>\n<p><strong>Caracter\u00edsticas Especiales:<\/strong><\/p>\n<ul>\n<li><strong>Calibraci\u00f3n Autom\u00e1tica:<\/strong> Equipado con tecnolog\u00eda avanzada que permite que el sistema se adapte autom\u00e1ticamente a las condiciones marinas y del barco sin necesidad de calibraci\u00f3n manual.<\/li>\n<\/ul>\n<p><strong>Aplicaciones:<\/strong> Perfecto para capitanes que buscan un sistema de piloto autom\u00e1tico confiable y f\u00e1cil de usar, especialmente en embarcaciones con sistemas de direcci\u00f3n hidr\u00e1ulica. Este piloto mejora la experiencia de navegaci\u00f3n, permitiendo que el capit\u00e1n se concentre en otras actividades mientras est\u00e1 en el agua.<\/p>\n","protected":false},"excerpt":{"rendered":"<p>Piloto Evolution EV-100 Motor para embarcaciones con direccion hidr\u00e0ulica para cilindro entre 50 y 110cc. Incluye sensor EV-1, ACU-100, unidat de control p70Rs y la unidat hidr\u00e0ulica reversible Tipo 0,5. Sin necesidat de calibrar, se adapta autom\u00e0ticamente a las condiciones del mar y del barco.<\/p>\n","protected":false},"featured_media":3007,"comment_status":"open","ping_status":"closed","template":"","meta":{"_et_pb_use_builder":"","_et_pb_old_content":"","_et_gb_content_width":""},"product_brand":[],"product_cat":[81],"product_tag":[],"class_list":{"0":"post-3021","1":"product","2":"type-product","3":"status-publish","4":"has-post-thumbnail","6":"product_cat-piloto-automatico-es","8":"first","9":"instock","10":"taxable","11":"shipping-taxable","12":"purchasable","13":"product-type-simple"},"_links":{"self":[{"href":"https:\/\/allship.es\/es\/wp-json\/wp\/v2\/product\/3021","targetHints":{"allow":["GET"]}}],"collection":[{"href":"https:\/\/allship.es\/es\/wp-json\/wp\/v2\/product"}],"about":[{"href":"https:\/\/allship.es\/es\/wp-json\/wp\/v2\/types\/product"}],"replies":[{"embeddable":true,"href":"https:\/\/allship.es\/es\/wp-json\/wp\/v2\/comments?post=3021"}],"wp:featuredmedia":[{"embeddable":true,"href":"https:\/\/allship.es\/es\/wp-json\/wp\/v2\/media\/3007"}],"wp:attachment":[{"href":"https:\/\/allship.es\/es\/wp-json\/wp\/v2\/media?parent=3021"}],"wp:term":[{"taxonomy":"product_brand","embeddable":true,"href":"https:\/\/allship.es\/es\/wp-json\/wp\/v2\/product_brand?post=3021"},{"taxonomy":"product_cat","embeddable":true,"href":"https:\/\/allship.es\/es\/wp-json\/wp\/v2\/product_cat?post=3021"},{"taxonomy":"product_tag","embeddable":true,"href":"https:\/\/allship.es\/es\/wp-json\/wp\/v2\/product_tag?post=3021"}],"curies":[{"name":"wp","href":"https:\/\/api.w.org\/{rel}","templated":true}]}}