{"id":3018,"date":"2024-07-21T20:37:36","date_gmt":"2024-07-21T18:37:36","guid":{"rendered":"https:\/\/allship.es\/producte\/raymarine-piloto-de-canna-evolution-ev-100\/"},"modified":"2024-07-29T10:17:40","modified_gmt":"2024-07-29T08:17:40","slug":"raymarine-piloto-de-canna-evolution-ev-100","status":"publish","type":"product","link":"https:\/\/allship.es\/es\/producto\/raymarine-piloto-de-canna-evolution-ev-100\/","title":{"rendered":"RAYMARINE Piloto de ca\u00f1a Evolution EV-100"},"content":{"rendered":"<p>El <strong>Pilot de Ca\u00f1a Evolution EV-100<\/strong> de Raymarine es ideal para veleros con un desplazamiento m\u00e1ximo de 6 toneladas. Este sistema de piloto autom\u00e1tico incluye componentes clave como EV-1, ACU-100, la unidad de control p70, Q047 y un kit de cableado Evolution, proporcionando una soluci\u00f3n completa y eficaz para la navegaci\u00f3n automatizada.<\/p>\n<p><strong>Componentes del Pack:<\/strong><\/p>\n<ul>\n<li><strong>Sensor EV-1:<\/strong> Detecta los movimientos del barco y ajusta autom\u00e1ticamente el piloto para un control preciso.<\/li>\n<li><strong>ACU-100:<\/strong> Act\u00faa como el cerebro del sistema, gestionando la potencia y la se\u00f1alizaci\u00f3n entre los sensores y los controles.<\/li>\n<li><strong>Unidad de Control p70:<\/strong> Permite una f\u00e1cil interacci\u00f3n con el sistema de piloto autom\u00e1tico, ofreciendo una interfaz intuitiva y accesible.<\/li>\n<li><strong>Q047:<\/strong> Componente esencial para la instalaci\u00f3n y funcionamiento correcto del sistema.<\/li>\n<li><strong>Kit de Cableado Evolution:<\/strong> Todo el cableado necesario para una instalaci\u00f3n eficiente y organizada.<\/li>\n<\/ul>\n<p><strong>Caracter\u00edsticas Especiales:<\/strong><\/p>\n<ul>\n<li><strong>Calibraci\u00f3n Autom\u00e1tica:<\/strong> Los autopilotos Evolution no requieren calibraci\u00f3n manual, ya que se adaptan autom\u00e1ticamente a las condiciones del mar y la velocidad del velero, garantizando un rendimiento \u00f3ptimo en cualquier situaci\u00f3n.<\/li>\n<\/ul>\n<p><strong>Aplicaciones:<\/strong> Perfecto para navegantes que buscan un control autom\u00e1tico y fiable del tim\u00f3n en su velero, el <strong>EV-100<\/strong> es ideal para mejorar la experiencia de navegaci\u00f3n, reduciendo la carga de trabajo del capit\u00e1n en traves\u00edas largas y condiciones de mar variables.<\/p>\n","protected":false},"excerpt":{"rendered":"<p>Piloto de ca\u00f1a Evolution EV-100 para barcos con desplazamiento m\u00e0ximo de 6 toneladas. Incluye EV-1, ACU-100, la unidad de control p70, Q047 y kit de cableado Evolution. Los autopilotos Evolution no necesitan ning\u00fan tipo de calibraci\u00f3n, se adaptan autom\u00e1ticamente a las condiciones de mar y velocidad del velero.<\/p>\n","protected":false},"featured_media":3003,"comment_status":"open","ping_status":"closed","template":"","meta":{"_et_pb_use_builder":"","_et_pb_old_content":"","_et_gb_content_width":""},"product_brand":[],"product_cat":[81],"product_tag":[],"class_list":{"0":"post-3018","1":"product","2":"type-product","3":"status-publish","4":"has-post-thumbnail","6":"product_cat-piloto-automatico-es","8":"first","9":"instock","10":"taxable","11":"shipping-taxable","12":"purchasable","13":"product-type-simple"},"_links":{"self":[{"href":"https:\/\/allship.es\/es\/wp-json\/wp\/v2\/product\/3018","targetHints":{"allow":["GET"]}}],"collection":[{"href":"https:\/\/allship.es\/es\/wp-json\/wp\/v2\/product"}],"about":[{"href":"https:\/\/allship.es\/es\/wp-json\/wp\/v2\/types\/product"}],"replies":[{"embeddable":true,"href":"https:\/\/allship.es\/es\/wp-json\/wp\/v2\/comments?post=3018"}],"wp:featuredmedia":[{"embeddable":true,"href":"https:\/\/allship.es\/es\/wp-json\/wp\/v2\/media\/3003"}],"wp:attachment":[{"href":"https:\/\/allship.es\/es\/wp-json\/wp\/v2\/media?parent=3018"}],"wp:term":[{"taxonomy":"product_brand","embeddable":true,"href":"https:\/\/allship.es\/es\/wp-json\/wp\/v2\/product_brand?post=3018"},{"taxonomy":"product_cat","embeddable":true,"href":"https:\/\/allship.es\/es\/wp-json\/wp\/v2\/product_cat?post=3018"},{"taxonomy":"product_tag","embeddable":true,"href":"https:\/\/allship.es\/es\/wp-json\/wp\/v2\/product_tag?post=3018"}],"curies":[{"name":"wp","href":"https:\/\/api.w.org\/{rel}","templated":true}]}}