{"id":2915,"date":"2024-05-24T13:54:41","date_gmt":"2024-05-24T11:54:41","guid":{"rendered":"https:\/\/allship.es\/producte\/sense%20categoria\/simrad-rs20s-marine-vhf-radio-w-dsc-2\/"},"modified":"2024-07-28T20:13:19","modified_gmt":"2024-07-28T18:13:19","slug":"simrad-rs20s-marine-vhf-radio-w-dsc-2","status":"publish","type":"product","link":"https:\/\/allship.es\/es\/producto\/simrad-rs20s-marine-vhf-radio-w-dsc-2\/","title":{"rendered":"SIMRAD RS20S Marine VHF Radio w\/ DSC"},"content":{"rendered":"<p>La <strong>Radio VHF Marine RS20S con DSC de SIMRAD<\/strong> es una soluci\u00f3n vers\u00e1til y fiable para una variedad de embarcaciones, desde peque\u00f1os RIB hasta grandes cruceros. Dise\u00f1ada para adaptarse al estilo de perfil bajo de las pantallas y accesorios de SIMRAD, la RS20S ofrece una comunicaci\u00f3n clara y eficiente en el mar.<\/p>\n<p><strong>Caracter\u00edsticas Principales:<\/strong><\/p>\n<ul>\n<li><strong>Clase D DSC:<\/strong> Proporciona una mayor seguridad y funcionalidad en situaciones de emergencia, permitiendo el env\u00edo autom\u00e1tico de se\u00f1ales de socorro con la ubicaci\u00f3n del barco.<\/li>\n<li><strong>Versatilidad:<\/strong> Ideal para una amplia gama de embarcaciones, desde peque\u00f1as embarcaciones inflables r\u00edgidas (RIB) hasta grandes cruceros.<\/li>\n<li><strong>Dise\u00f1o de Perfil Bajo:<\/strong> Se integra perfectamente con otros dispositivos y accesorios de SIMRAD, manteniendo un estilo est\u00e9tico y funcional en el puente de mando.<\/li>\n<li><strong>Pantalla Clara y Brillante:<\/strong> Asegura una f\u00e1cil lectura de la informaci\u00f3n, incluso en condiciones de luz solar directa.<\/li>\n<li><strong>F\u00e1cil de Usar:<\/strong> Interfaz intuitiva que facilita el acceso y el control de todas las funciones esenciales de la radio.<\/li>\n<\/ul>\n<p><strong>Aplicaciones:<\/strong> Perfecta para navegantes que buscan una radio VHF fiable y f\u00e1cil de usar, que ofrezca tanto comunicaciones claras como capacidades avanzadas de seguridad. La <strong>RS20S<\/strong> es una opci\u00f3n excelente para mejorar la seguridad y la eficiencia en el mar.<\/p>\n","protected":false},"excerpt":{"rendered":"<p>Radio VHF DSC Simrad RS20S Clase D: el vers\u00e1til RS20S es ideal para una variedad de embarcaciones, desde peque\u00f1as RIB hasta cruceros m\u00e1s grandes, y est\u00e1 dise\u00f1ado para adaptarse al estilo discreto de nuestras pantallas y accesorios.<\/p>\n","protected":false},"featured_media":2500,"comment_status":"open","ping_status":"closed","template":"","meta":{"_et_pb_use_builder":"","_et_pb_old_content":"","_et_gb_content_width":""},"product_brand":[],"product_cat":[78],"product_tag":[],"class_list":{"0":"post-2915","1":"product","2":"type-product","3":"status-publish","4":"has-post-thumbnail","6":"product_cat-electronica-vhf-ais-es","8":"first","9":"instock","10":"taxable","11":"shipping-taxable","12":"purchasable","13":"product-type-simple"},"_links":{"self":[{"href":"https:\/\/allship.es\/es\/wp-json\/wp\/v2\/product\/2915","targetHints":{"allow":["GET"]}}],"collection":[{"href":"https:\/\/allship.es\/es\/wp-json\/wp\/v2\/product"}],"about":[{"href":"https:\/\/allship.es\/es\/wp-json\/wp\/v2\/types\/product"}],"replies":[{"embeddable":true,"href":"https:\/\/allship.es\/es\/wp-json\/wp\/v2\/comments?post=2915"}],"wp:featuredmedia":[{"embeddable":true,"href":"https:\/\/allship.es\/es\/wp-json\/wp\/v2\/media\/2500"}],"wp:attachment":[{"href":"https:\/\/allship.es\/es\/wp-json\/wp\/v2\/media?parent=2915"}],"wp:term":[{"taxonomy":"product_brand","embeddable":true,"href":"https:\/\/allship.es\/es\/wp-json\/wp\/v2\/product_brand?post=2915"},{"taxonomy":"product_cat","embeddable":true,"href":"https:\/\/allship.es\/es\/wp-json\/wp\/v2\/product_cat?post=2915"},{"taxonomy":"product_tag","embeddable":true,"href":"https:\/\/allship.es\/es\/wp-json\/wp\/v2\/product_tag?post=2915"}],"curies":[{"name":"wp","href":"https:\/\/api.w.org\/{rel}","templated":true}]}}