{"id":2910,"date":"2024-05-24T14:11:59","date_gmt":"2024-05-24T12:11:59","guid":{"rendered":"https:\/\/allship.es\/producte\/sense%20categoria\/bg-vhf-radiov100-b-systemaisgps-500-2\/"},"modified":"2024-07-22T23:57:18","modified_gmt":"2024-07-22T21:57:18","slug":"bg-vhf-radiov100-b-systemaisgps-500-2","status":"publish","type":"product","link":"https:\/\/allship.es\/es\/producto\/bg-vhf-radiov100-b-systemaisgps-500-2\/","title":{"rendered":"B&amp;G VHF RADIO,V100-B SYSTEM,AIS+GPS-500"},"content":{"rendered":"<p>El Sistema de radio VHF Blackbox B&amp;G V100-B es una soluci\u00f3n de comunicaci\u00f3n avanzada que incluye un GPS integrado y un transceptor AIS de clase B. Este sistema permite ver y ser visto por otros barcos equipados con AIS, aumentando significativamente la seguridad en el agua.<\/p>\n<p>Con la capacidad de conectar hasta 8 tel\u00e9fonos (4 con cable y 4 inal\u00e1mbricos) y 4 altavoces externos, el V100-B asegura una comunicaci\u00f3n fiable desde cualquier lugar de la embarcaci\u00f3n. Su dise\u00f1o compacto y sus funcionalidades avanzadas lo convierten en una herramienta esencial para cualquier tipo de embarcaci\u00f3n, garantizando una cobertura completa y una calidad de sonido excelente en todo momento.<\/p>\n","protected":false},"excerpt":{"rendered":"<p>Sistema de radio VHF Blackbox B&amp;G V100-B: incluye un GPS integrado y un transceptor AIS de clase B, que le permite ver y ser visto por los barcos equipados con AIS. Mant\u00e9ngase conectado desde cualquier lugar a bordo con hasta 8 tel\u00e9fonos (4 con cable y 4 inal\u00e1mbrico) y 4 altavoces externos.<\/p>\n","protected":false},"featured_media":2508,"comment_status":"open","ping_status":"closed","template":"","meta":{"_et_pb_use_builder":"","_et_pb_old_content":"","_et_gb_content_width":""},"product_brand":[],"product_cat":[78],"product_tag":[],"class_list":{"0":"post-2910","1":"product","2":"type-product","3":"status-publish","4":"has-post-thumbnail","6":"product_cat-electronica-vhf-ais-es","8":"first","9":"instock","10":"taxable","11":"shipping-taxable","12":"purchasable","13":"product-type-simple"},"_links":{"self":[{"href":"https:\/\/allship.es\/es\/wp-json\/wp\/v2\/product\/2910","targetHints":{"allow":["GET"]}}],"collection":[{"href":"https:\/\/allship.es\/es\/wp-json\/wp\/v2\/product"}],"about":[{"href":"https:\/\/allship.es\/es\/wp-json\/wp\/v2\/types\/product"}],"replies":[{"embeddable":true,"href":"https:\/\/allship.es\/es\/wp-json\/wp\/v2\/comments?post=2910"}],"wp:featuredmedia":[{"embeddable":true,"href":"https:\/\/allship.es\/es\/wp-json\/wp\/v2\/media\/2508"}],"wp:attachment":[{"href":"https:\/\/allship.es\/es\/wp-json\/wp\/v2\/media?parent=2910"}],"wp:term":[{"taxonomy":"product_brand","embeddable":true,"href":"https:\/\/allship.es\/es\/wp-json\/wp\/v2\/product_brand?post=2910"},{"taxonomy":"product_cat","embeddable":true,"href":"https:\/\/allship.es\/es\/wp-json\/wp\/v2\/product_cat?post=2910"},{"taxonomy":"product_tag","embeddable":true,"href":"https:\/\/allship.es\/es\/wp-json\/wp\/v2\/product_tag?post=2910"}],"curies":[{"name":"wp","href":"https:\/\/api.w.org\/{rel}","templated":true}]}}