{"id":2907,"date":"2024-05-24T14:22:51","date_gmt":"2024-05-24T12:22:51","guid":{"rendered":"https:\/\/allship.es\/producte\/sense%20categoria\/nype-vhf-marina-clase-d-con-dsc-y-gps-integrado\/"},"modified":"2024-07-23T17:47:54","modified_gmt":"2024-07-23T15:47:54","slug":"nype-vhf-marina-clase-d-con-dsc-y-gps-integrado","status":"publish","type":"product","link":"https:\/\/allship.es\/es\/producto\/nype-vhf-marina-clase-d-con-dsc-y-gps-integrado\/","title":{"rendered":"NYPE VHF MARINA CLASE D CON DSC Y GPS INTEGRADO"},"content":{"rendered":"<p>El <strong>NYPE VHF Marina Clase D<\/strong> es un equipo de comunicaci\u00f3n marina de alta tecnolog\u00eda que integra funciones de DSC (Digital Selective Calling) y GPS, dise\u00f1ado para ofrecer una comunicaci\u00f3n segura y eficiente en cualquier condici\u00f3n mar\u00edtima.<\/p>\n<p><strong>Caracter\u00edsticas Principales:<\/strong><\/p>\n<ul>\n<li><strong>DSC y GPS Integrado:<\/strong> Esta radio VHF fija no solo permite la comunicaci\u00f3n clara y continua, sino que tambi\u00e9n incluye capacidades de llamada selectiva digital y localizaci\u00f3n GPS para una navegaci\u00f3n y seguridad mejoradas.<\/li>\n<li><strong>Conectividad NMEA0183:<\/strong> Compatible con redes marinas, facilita la integraci\u00f3n con otros dispositivos n\u00e1uticos a bordo.<\/li>\n<li><strong>Antena GPS Externa:<\/strong> Incluye una antena GPS externa que refuerza la segunda funci\u00f3n GPS, asegurando precisi\u00f3n y fiabilidad en la localizaci\u00f3n.<\/li>\n<li><strong>\u00cdndice de Estanqueidad IPX7:<\/strong> Dise\u00f1ado para resistir inmersiones temporales en agua, garantizando durabilidad y resistencia en ambientes marinos extremos.<\/li>\n<\/ul>\n<p><strong>Aplicaciones:<\/strong><\/p>\n<p>Ideal para embarcaciones de cualquier tama\u00f1o, desde peque\u00f1os botes hasta grandes yates, el <strong>NYPE VHF Marina Clase D<\/strong> es esencial para la seguridad en la navegaci\u00f3n y la comunicaci\u00f3n eficaz en alta mar.<\/p>\n","protected":false},"excerpt":{"rendered":"<p>VHF fija con DSC y GPS integrado. Conectividad NMEA0183. Incluye la antena GPS externa para la segunda funci\u00f3n GPS. \u00cdndice de estanqueidad IPX7<\/p>\n","protected":false},"featured_media":2490,"comment_status":"open","ping_status":"closed","template":"","meta":{"_et_pb_use_builder":"","_et_pb_old_content":"","_et_gb_content_width":""},"product_brand":[],"product_cat":[78],"product_tag":[],"class_list":{"0":"post-2907","1":"product","2":"type-product","3":"status-publish","4":"has-post-thumbnail","6":"product_cat-electronica-vhf-ais-es","8":"first","9":"instock","10":"taxable","11":"shipping-taxable","12":"purchasable","13":"product-type-simple"},"_links":{"self":[{"href":"https:\/\/allship.es\/es\/wp-json\/wp\/v2\/product\/2907","targetHints":{"allow":["GET"]}}],"collection":[{"href":"https:\/\/allship.es\/es\/wp-json\/wp\/v2\/product"}],"about":[{"href":"https:\/\/allship.es\/es\/wp-json\/wp\/v2\/types\/product"}],"replies":[{"embeddable":true,"href":"https:\/\/allship.es\/es\/wp-json\/wp\/v2\/comments?post=2907"}],"wp:featuredmedia":[{"embeddable":true,"href":"https:\/\/allship.es\/es\/wp-json\/wp\/v2\/media\/2490"}],"wp:attachment":[{"href":"https:\/\/allship.es\/es\/wp-json\/wp\/v2\/media?parent=2907"}],"wp:term":[{"taxonomy":"product_brand","embeddable":true,"href":"https:\/\/allship.es\/es\/wp-json\/wp\/v2\/product_brand?post=2907"},{"taxonomy":"product_cat","embeddable":true,"href":"https:\/\/allship.es\/es\/wp-json\/wp\/v2\/product_cat?post=2907"},{"taxonomy":"product_tag","embeddable":true,"href":"https:\/\/allship.es\/es\/wp-json\/wp\/v2\/product_tag?post=2907"}],"curies":[{"name":"wp","href":"https:\/\/api.w.org\/{rel}","templated":true}]}}