{"id":2878,"date":"2024-05-27T19:41:10","date_gmt":"2024-05-27T17:41:10","guid":{"rendered":"https:\/\/allship.es\/producte\/sense%20categoria\/simrad-ap44m-vrf-pack-mk2-capacidad-mediana\/"},"modified":"2024-07-28T00:48:21","modified_gmt":"2024-07-27T22:48:21","slug":"simrad-ap44m-vrf-pack-mk2-capacidad-mediana","status":"publish","type":"product","link":"https:\/\/allship.es\/es\/producto\/simrad-ap44m-vrf-pack-mk2-capacidad-mediana\/","title":{"rendered":"SIMRAD AP44M-VRF PACK MK2 (capacidad mediana)"},"content":{"rendered":"<p><strong>Descripci\u00f3n General:<\/strong> El <strong>Paquete AP44 VRF MKII<\/strong> de SIMRAD es una soluci\u00f3n integral de piloto autom\u00e1tico para embarcaciones de capacidad media. Este paquete incluye el controlador AP44, la br\u00fajula de alta precisi\u00f3n Precision 9, la bomba hidr\u00e1ulica PUMP-2 (MKII) y el ordenador de piloto autom\u00e1tico NAC-2, dise\u00f1ado para ofrecer un control de navegaci\u00f3n excepcional y fiable.<\/p>\n<p><strong>Componentes del Sistema:<\/strong><\/p>\n<ul>\n<li><strong>Controlador AP44:<\/strong> Permite una gesti\u00f3n sencilla y efectiva del piloto autom\u00e1tico, con una interfaz de usuario intuitiva y pantalla clara.<\/li>\n<li><strong>Br\u00fajula Precision 9:<\/strong> Proporciona datos de rumbo precisos, mejorando la exactitud de la navegaci\u00f3n y la estabilidad del curso.<\/li>\n<li><strong>Bomba Hidr\u00e1ulica PUMP-2 (MKII):<\/strong> Asegura la respuesta adecuada del tim\u00f3n en base a las instrucciones del piloto autom\u00e1tico, adapt\u00e1ndose a las condiciones marinas.<\/li>\n<li><strong>Ordenador de Piloto Autom\u00e1tico NAC-2:<\/strong> El cerebro detr\u00e1s del sistema, que procesa los datos y coordina la comunicaci\u00f3n entre los componentes para una navegaci\u00f3n optimizada.<\/li>\n<\/ul>\n<p><strong>Aplicaciones:<\/strong> Ideal para capitanes que requieren un sistema de piloto autom\u00e1tico robusto y confiable, el <strong>AP44 VRF MKII<\/strong> ofrece mejoras significativas en la precisi\u00f3n del pilotaje y la comodidad en traves\u00edas largas o en condiciones dif\u00edciles.<\/p>\n","protected":false},"excerpt":{"rendered":"<p>Paquete de capacidad media AP44 VRF MKII. Consta de controlador AP44, br\u00fajula Precisi\u00f3n 9, bomba hidr\u00e1ulica PUMP-2 (MKII) y ordenador de piloto autom\u00e1tico NAC-2.<\/p>\n","protected":false},"featured_media":2546,"comment_status":"open","ping_status":"closed","template":"","meta":{"_et_pb_use_builder":"","_et_pb_old_content":"","_et_gb_content_width":""},"product_brand":[],"product_cat":[81],"product_tag":[],"class_list":{"0":"post-2878","1":"product","2":"type-product","3":"status-publish","4":"has-post-thumbnail","6":"product_cat-piloto-automatico-es","8":"first","9":"instock","10":"taxable","11":"shipping-taxable","12":"purchasable","13":"product-type-simple"},"_links":{"self":[{"href":"https:\/\/allship.es\/es\/wp-json\/wp\/v2\/product\/2878","targetHints":{"allow":["GET"]}}],"collection":[{"href":"https:\/\/allship.es\/es\/wp-json\/wp\/v2\/product"}],"about":[{"href":"https:\/\/allship.es\/es\/wp-json\/wp\/v2\/types\/product"}],"replies":[{"embeddable":true,"href":"https:\/\/allship.es\/es\/wp-json\/wp\/v2\/comments?post=2878"}],"wp:featuredmedia":[{"embeddable":true,"href":"https:\/\/allship.es\/es\/wp-json\/wp\/v2\/media\/2546"}],"wp:attachment":[{"href":"https:\/\/allship.es\/es\/wp-json\/wp\/v2\/media?parent=2878"}],"wp:term":[{"taxonomy":"product_brand","embeddable":true,"href":"https:\/\/allship.es\/es\/wp-json\/wp\/v2\/product_brand?post=2878"},{"taxonomy":"product_cat","embeddable":true,"href":"https:\/\/allship.es\/es\/wp-json\/wp\/v2\/product_cat?post=2878"},{"taxonomy":"product_tag","embeddable":true,"href":"https:\/\/allship.es\/es\/wp-json\/wp\/v2\/product_tag?post=2878"}],"curies":[{"name":"wp","href":"https:\/\/api.w.org\/{rel}","templated":true}]}}