{"id":2877,"date":"2024-05-27T19:42:43","date_gmt":"2024-05-27T17:42:43","guid":{"rendered":"https:\/\/allship.es\/producte\/sense%20categoria\/simrad-paquete-de-direccion-de-cable-piloto-fueraborda\/"},"modified":"2024-07-28T20:00:14","modified_gmt":"2024-07-28T18:00:14","slug":"simrad-paquete-de-direccion-de-cable-piloto-fueraborda","status":"publish","type":"product","link":"https:\/\/allship.es\/es\/producto\/simrad-paquete-de-direccion-de-cable-piloto-fueraborda\/","title":{"rendered":"SIMRAD Paquete de direcci\u00f3n de cable piloto fueraborda"},"content":{"rendered":"<p>El <strong>Paquete de Direcci\u00f3n de Cable Piloto Foraborda<\/strong> de SIMRAD es una soluci\u00f3n completa para la direcci\u00f3n automatizada de embarcaciones foraborda. Este paquete incluye todos los componentes necesarios para una navegaci\u00f3n precisa y confiable, asegurando un control \u00f3ptimo del tim\u00f3n y la direcci\u00f3n.<\/p>\n<p><strong>Componentes del Paquete:<\/strong><\/p>\n<ul>\n<li><strong>Comp\u00e1s y GPS Point-1:<\/strong> Proporciona datos precisos de rumbo y posicionamiento, mejorando la navegaci\u00f3n y la toma de decisiones.<\/li>\n<li><strong>Ordenador de Piloto Autom\u00e1tico NAC-1:<\/strong> Act\u00faa como el cerebro del sistema, gestionando la informaci\u00f3n y controlando las funciones del piloto autom\u00e1tico.<\/li>\n<li><strong>Unidad de Acci\u00f3n del Tim\u00f3n de Direcci\u00f3n de Cable HELM-1:<\/strong> Facilita el control preciso del tim\u00f3n mediante un sistema de direcci\u00f3n por cable, optimizando la maniobrabilidad de la embarcaci\u00f3n.<\/li>\n<li><strong>Bot\u00f3n de Espera:<\/strong> Permite una r\u00e1pida desconexi\u00f3n del piloto autom\u00e1tico para un control manual instant\u00e1neo.<\/li>\n<li><strong>Componentes de Red Micro-C:<\/strong> Incluye todo el cableado necesario para la integraci\u00f3n de los componentes, asegurando una instalaci\u00f3n sencilla y eficiente.<\/li>\n<\/ul>\n<p><strong>Aplicaciones:<\/strong> Ideal para propietarios de embarcaciones foraborda que buscan mejorar su experiencia de navegaci\u00f3n con un sistema de direcci\u00f3n automatizado y f\u00e1cil de usar. El <strong>Paquete de Direcci\u00f3n de Cable Piloto Foraborda<\/strong> de SIMRAD proporciona un control preciso y confiable, mejorando la seguridad y la comodidad en el agua.<\/p>\n","protected":false},"excerpt":{"rendered":"<p>Paquete de direcci\u00f3n de cables de piloto fuera de borda: incluye comp\u00e1s y GPS Point-1, ordenador de piloto autom\u00e1tico NAC-1, unidad de accionamiento del tim\u00f3n de direcci\u00f3n de cable HELM-1, bot\u00f3n de espera y componentes de red Micro -C.<\/p>\n","protected":false},"featured_media":2712,"comment_status":"open","ping_status":"closed","template":"","meta":{"_et_pb_use_builder":"","_et_pb_old_content":"","_et_gb_content_width":""},"product_brand":[],"product_cat":[81],"product_tag":[],"class_list":{"0":"post-2877","1":"product","2":"type-product","3":"status-publish","4":"has-post-thumbnail","6":"product_cat-piloto-automatico-es","8":"first","9":"instock","10":"taxable","11":"shipping-taxable","12":"purchasable","13":"product-type-simple"},"_links":{"self":[{"href":"https:\/\/allship.es\/es\/wp-json\/wp\/v2\/product\/2877","targetHints":{"allow":["GET"]}}],"collection":[{"href":"https:\/\/allship.es\/es\/wp-json\/wp\/v2\/product"}],"about":[{"href":"https:\/\/allship.es\/es\/wp-json\/wp\/v2\/types\/product"}],"replies":[{"embeddable":true,"href":"https:\/\/allship.es\/es\/wp-json\/wp\/v2\/comments?post=2877"}],"wp:featuredmedia":[{"embeddable":true,"href":"https:\/\/allship.es\/es\/wp-json\/wp\/v2\/media\/2712"}],"wp:attachment":[{"href":"https:\/\/allship.es\/es\/wp-json\/wp\/v2\/media?parent=2877"}],"wp:term":[{"taxonomy":"product_brand","embeddable":true,"href":"https:\/\/allship.es\/es\/wp-json\/wp\/v2\/product_brand?post=2877"},{"taxonomy":"product_cat","embeddable":true,"href":"https:\/\/allship.es\/es\/wp-json\/wp\/v2\/product_cat?post=2877"},{"taxonomy":"product_tag","embeddable":true,"href":"https:\/\/allship.es\/es\/wp-json\/wp\/v2\/product_tag?post=2877"}],"curies":[{"name":"wp","href":"https:\/\/api.w.org\/{rel}","templated":true}]}}