{"id":2876,"date":"2024-05-27T19:44:20","date_gmt":"2024-05-27T17:44:20","guid":{"rendered":"https:\/\/allship.es\/producte\/sense%20categoria\/raymarine-piloto-de-rueda-ev-100-evolution-para-vela\/"},"modified":"2024-07-28T00:34:17","modified_gmt":"2024-07-27T22:34:17","slug":"raymarine-piloto-de-rueda-ev-100-evolution-para-vela","status":"publish","type":"product","link":"https:\/\/allship.es\/es\/producto\/raymarine-piloto-de-rueda-ev-100-evolution-para-vela\/","title":{"rendered":"RAYMARINE Piloto de rueda EV-100 Evolution para vela"},"content":{"rendered":"<p><strong>Descripci\u00f3n General:<\/strong> El <strong>Piloto de Rueda EV-100 Evolution<\/strong> de Raymarine es una soluci\u00f3n avanzada de piloto autom\u00e1tico dise\u00f1ada espec\u00edficamente para veleros con un desplazamiento de hasta 7,5 toneladas. Este sistema es parte de la serie Evolution que ofrece tecnolog\u00eda punta para una navegaci\u00f3n aut\u00f3noma precisa y fiable.<\/p>\n<p><strong>Componentes del Pack:<\/strong><\/p>\n<ul>\n<li><strong>Sensor EV-1:<\/strong> Proporciona una detecci\u00f3n precisa de los movimientos del barco ajustando el piloto autom\u00e1ticamente.<\/li>\n<li><strong>ACU-100:<\/strong> Act\u00faa como el cerebro del sistema, controlando la energ\u00eda y la comunicaci\u00f3n entre los componentes.<\/li>\n<li><strong>Unidad de Control p70:<\/strong> Permite una interacci\u00f3n f\u00e1cil y directa con el piloto autom\u00e1tico, con una interfaz intuitiva para el usuario.<\/li>\n<li><strong>Kit de Cableado Evolution:<\/strong> Incluye todo el cableado necesario para una instalaci\u00f3n completa y efectiva.<\/li>\n<li><strong>Kit de Actualizaci\u00f3n ST4000+MKII:<\/strong> Proporciona componentes adicionales necesarios para la actualizaci\u00f3n de sistemas existentes.<\/li>\n<\/ul>\n<p><strong>Caracter\u00edsticas Especiales:<\/strong><\/p>\n<ul>\n<li><strong>Calibraci\u00f3n Autom\u00e1tica:<\/strong> Gracias a la tecnolog\u00eda avanzada de Raymarine, estos autopilotos no requieren calibraci\u00f3n manual y se adaptan autom\u00e1ticamente a las condiciones cambiantes del mar y la velocidad del velero.<\/li>\n<\/ul>\n<p><strong>Aplicaciones:<\/strong> Ideal para navegantes que buscan una soluci\u00f3n de piloto autom\u00e1tico eficiente y f\u00e1cil de manejar, mejorando la experiencia de navegaci\u00f3n y permitiendo que el capit\u00e1n se concentre en otras tareas durante la traves\u00eda.<\/p>\n","protected":false},"excerpt":{"rendered":"<p>Piloto de rueda EV-100 para vela de la serie Evolution con desplazamiento m\u00e1ximo de 7,5 toneladas. Incluye el EV-1, ACU-100, la unidad de control p70, el kit de cableado Evolution y el kit de actualizaci\u00f3n ST4000+MKII. Los autopilotos Evolution no necesitan ning\u00fan tipo de calibraci\u00f3n, se adaptan autom\u00e1ticamente a las condiciones de mar y velocidad del velero.<\/p>\n","protected":false},"featured_media":2552,"comment_status":"open","ping_status":"closed","template":"","meta":{"_et_pb_use_builder":"","_et_pb_old_content":"","_et_gb_content_width":""},"product_brand":[],"product_cat":[81],"product_tag":[],"class_list":{"0":"post-2876","1":"product","2":"type-product","3":"status-publish","4":"has-post-thumbnail","6":"product_cat-piloto-automatico-es","8":"first","9":"instock","10":"taxable","11":"shipping-taxable","12":"purchasable","13":"product-type-simple"},"_links":{"self":[{"href":"https:\/\/allship.es\/es\/wp-json\/wp\/v2\/product\/2876","targetHints":{"allow":["GET"]}}],"collection":[{"href":"https:\/\/allship.es\/es\/wp-json\/wp\/v2\/product"}],"about":[{"href":"https:\/\/allship.es\/es\/wp-json\/wp\/v2\/types\/product"}],"replies":[{"embeddable":true,"href":"https:\/\/allship.es\/es\/wp-json\/wp\/v2\/comments?post=2876"}],"wp:featuredmedia":[{"embeddable":true,"href":"https:\/\/allship.es\/es\/wp-json\/wp\/v2\/media\/2552"}],"wp:attachment":[{"href":"https:\/\/allship.es\/es\/wp-json\/wp\/v2\/media?parent=2876"}],"wp:term":[{"taxonomy":"product_brand","embeddable":true,"href":"https:\/\/allship.es\/es\/wp-json\/wp\/v2\/product_brand?post=2876"},{"taxonomy":"product_cat","embeddable":true,"href":"https:\/\/allship.es\/es\/wp-json\/wp\/v2\/product_cat?post=2876"},{"taxonomy":"product_tag","embeddable":true,"href":"https:\/\/allship.es\/es\/wp-json\/wp\/v2\/product_tag?post=2876"}],"curies":[{"name":"wp","href":"https:\/\/api.w.org\/{rel}","templated":true}]}}