{"id":2873,"date":"2024-06-03T18:29:37","date_gmt":"2024-06-03T16:29:37","guid":{"rendered":"https:\/\/allship.es\/producte\/sense%20categoria\/hertz-hmr-20-2\/"},"modified":"2024-07-23T16:38:44","modified_gmt":"2024-07-23T14:38:44","slug":"hertz-hmr-20-2","status":"publish","type":"product","link":"https:\/\/allship.es\/es\/producto\/hertz-hmr-20-2\/","title":{"rendered":"HERTZ HMR 20"},"content":{"rendered":"<p>El <strong>Hertz HMR 20<\/strong> es un reproductor multimedia con una clasificaci\u00f3n de impermeabilidad IP66, dise\u00f1ado para resistir condiciones extremas y entornos al aire libre.<\/p>\n<p>Dispone de una pantalla a color de 3 pulgadas, proporcionando una visualizaci\u00f3n clara y accesible de las opciones del dispositivo.<\/p>\n<p>Incluye un receptor AM\/FM con RDS para una experiencia completa en radio, junto con opciones de conectividad USB y Bluetooth\u00a9 para la transmisi\u00f3n de audio inal\u00e1mbrica.<\/p>\n<p>La potencia de salida es de 4 x 50W, ofreciendo un sonido potente y n\u00edtido. Adem\u00e1s, cuenta con un ecualizador de 4 niveles para ajustar el audio seg\u00fan tus preferencias.<\/p>\n<p>Permite configuraci\u00f3n multizona (2 zonas) y dispone de una salida dedicada para subwoofer, mejorando la calidad y el control del sonido en distintas \u00e1reas.<\/p>\n<p>Tambi\u00e9n est\u00e1 disponible con transmisi\u00f3n digital de audio (DAB) para una mayor variedad de emisoras y una mejor calidad de sonido.<\/p>\n","protected":false},"excerpt":{"rendered":"<p>Reproductor multimedia IP66 con pantalla de 3\u2033 a color y receptor AM\/FM RDS. Conectividad USB y Bluetooth\u00a9 para la transmisi\u00f3n de audio con sistema ID3.4 x 50W. Ecualizador de 4 niveles. Multizona (2) y salida de subwoofer. Disponible con transmisi\u00f3n digital de audio (DAB)<\/p>\n","protected":false},"featured_media":2614,"comment_status":"open","ping_status":"closed","template":"","meta":{"_et_pb_use_builder":"","_et_pb_old_content":"","_et_gb_content_width":""},"product_brand":[],"product_cat":[79],"product_tag":[],"class_list":{"0":"post-2873","1":"product","2":"type-product","3":"status-publish","4":"has-post-thumbnail","6":"product_cat-electronica-sonido-es","8":"first","9":"instock","10":"taxable","11":"shipping-taxable","12":"purchasable","13":"product-type-simple"},"_links":{"self":[{"href":"https:\/\/allship.es\/es\/wp-json\/wp\/v2\/product\/2873","targetHints":{"allow":["GET"]}}],"collection":[{"href":"https:\/\/allship.es\/es\/wp-json\/wp\/v2\/product"}],"about":[{"href":"https:\/\/allship.es\/es\/wp-json\/wp\/v2\/types\/product"}],"replies":[{"embeddable":true,"href":"https:\/\/allship.es\/es\/wp-json\/wp\/v2\/comments?post=2873"}],"wp:featuredmedia":[{"embeddable":true,"href":"https:\/\/allship.es\/es\/wp-json\/wp\/v2\/media\/2614"}],"wp:attachment":[{"href":"https:\/\/allship.es\/es\/wp-json\/wp\/v2\/media?parent=2873"}],"wp:term":[{"taxonomy":"product_brand","embeddable":true,"href":"https:\/\/allship.es\/es\/wp-json\/wp\/v2\/product_brand?post=2873"},{"taxonomy":"product_cat","embeddable":true,"href":"https:\/\/allship.es\/es\/wp-json\/wp\/v2\/product_cat?post=2873"},{"taxonomy":"product_tag","embeddable":true,"href":"https:\/\/allship.es\/es\/wp-json\/wp\/v2\/product_tag?post=2873"}],"curies":[{"name":"wp","href":"https:\/\/api.w.org\/{rel}","templated":true}]}}