{"id":2870,"date":"2024-06-03T18:36:18","date_gmt":"2024-06-03T16:36:18","guid":{"rendered":"https:\/\/allship.es\/producte\/sense%20categoria\/hex-6-5-m-c-carbon\/"},"modified":"2024-07-23T17:20:24","modified_gmt":"2024-07-23T15:20:24","slug":"hex-6-5-m-c-carbon","status":"publish","type":"product","link":"https:\/\/allship.es\/es\/producto\/hex-6-5-m-c-carbon\/","title":{"rendered":"HEX 6.5 M-C \u2013 CARB\u00d3N"},"content":{"rendered":"<div class=\"flex-1 overflow-hidden\">\n<div class=\"h-full\">\n<div class=\"react-scroll-to-bottom--css-gucia-79elbk h-full\">\n<div class=\"react-scroll-to-bottom--css-gucia-1n7m0yu\">\n<div class=\"flex flex-col text-sm md:pb-9\">\n<div class=\"w-full text-token-text-primary\" dir=\"auto\" data-testid=\"conversation-turn-23\" data-scroll-anchor=\"true\">\n<div class=\"text-base py-[18px] px-3 md:px-4 m-auto md:px-5 lg:px-1 xl:px-5\">\n<div class=\"mx-auto flex flex-1 gap-4 text-base md:gap-5 lg:gap-6 md:max-w-3xl lg:max-w-[40rem] xl:max-w-[48rem]\">\n<div class=\"group\/conversation-turn relative flex w-full min-w-0 flex-col agent-turn\">\n<div class=\"flex-col gap-1 md:gap-3\">\n<div class=\"flex flex-grow flex-col max-w-full\">\n<div class=\"min-h-[20px] text-message flex w-full flex-col items-end gap-2 whitespace-pre-wrap break-words [.text-message+&amp;]:mt-5 overflow-x-auto\" dir=\"auto\" data-message-author-role=\"assistant\" data-message-id=\"6c110ac6-44e9-4583-b784-b3e7e4e65543\">\n<div class=\"flex w-full flex-col gap-1 empty:hidden first:pt-[3px]\">\n<div class=\"markdown prose w-full break-words dark:prose-invert light\">\n<p>Los <strong>altavoces HEX 6.5 M-C<\/strong> destacan por su elegante acabado en color carb\u00f3n, dise\u00f1ados para ofrecer una experiencia auditiva de alta calidad en entornos marinos y exteriores. Estos altavoces combinan un dise\u00f1o sofisticado con una tecnolog\u00eda robusta, ideal para los entusiastas del audio que buscan rendimiento y estilo.<\/p>\n<p><strong>Caracter\u00edsticas Principales:<\/strong><\/p>\n<ul>\n<li><strong>Tama\u00f1o y Potencia:<\/strong> Cada altavoz tiene un di\u00e1metro de 6.5 pulgadas y una potencia de salida de 100W, proporcionando un sonido potente y claro que enriquece cualquier experiencia auditiva.<\/li>\n<li><strong>Material y Dise\u00f1o:<\/strong> Fabricados con materiales de alta durabilidad y resistencia a condiciones adversas, estos altavoces est\u00e1n optimizados para resistir la exposici\u00f3n al agua y la arena, garantizando un rendimiento confiable y prolongado.<\/li>\n<li><strong>Clasificaci\u00f3n IP:<\/strong> Con una clasificaci\u00f3n IP65, est\u00e1n especialmente dise\u00f1ados para soportar las rigurosas condiciones de los entornos marinos, asegurando longevidad y resistencia en todas las situaciones.<\/li>\n<\/ul>\n<p><strong>Aplicaciones:<\/strong><\/p>\n<p>Perfectos para la instalaci\u00f3n en embarcaciones, terrazas al aire libre y otros entornos desafiantes, los <strong>HEX 6.5 M-C<\/strong> son una elecci\u00f3n ideal para quienes valoran tanto la est\u00e9tica como la funcionalidad en su equipo de sonido.<\/p>\n<\/div>\n<\/div>\n<\/div>\n<\/div>\n<\/div>\n<\/div>\n<\/div>\n<\/div>\n<\/div>\n<\/div>\n<\/div>\n<\/div>\n<\/div>\n<\/div>\n","protected":false},"excerpt":{"rendered":"<p>Pareja de altavoces marinizados IP65 de 6.5\u2033 y 100W de potencia. Carb\u00f3n.<\/p>\n","protected":false},"featured_media":2602,"comment_status":"open","ping_status":"closed","template":"","meta":{"_et_pb_use_builder":"","_et_pb_old_content":"","_et_gb_content_width":""},"product_brand":[],"product_cat":[79],"product_tag":[],"class_list":{"0":"post-2870","1":"product","2":"type-product","3":"status-publish","4":"has-post-thumbnail","6":"product_cat-electronica-sonido-es","8":"first","9":"instock","10":"taxable","11":"shipping-taxable","12":"purchasable","13":"product-type-simple"},"_links":{"self":[{"href":"https:\/\/allship.es\/es\/wp-json\/wp\/v2\/product\/2870","targetHints":{"allow":["GET"]}}],"collection":[{"href":"https:\/\/allship.es\/es\/wp-json\/wp\/v2\/product"}],"about":[{"href":"https:\/\/allship.es\/es\/wp-json\/wp\/v2\/types\/product"}],"replies":[{"embeddable":true,"href":"https:\/\/allship.es\/es\/wp-json\/wp\/v2\/comments?post=2870"}],"wp:featuredmedia":[{"embeddable":true,"href":"https:\/\/allship.es\/es\/wp-json\/wp\/v2\/media\/2602"}],"wp:attachment":[{"href":"https:\/\/allship.es\/es\/wp-json\/wp\/v2\/media?parent=2870"}],"wp:term":[{"taxonomy":"product_brand","embeddable":true,"href":"https:\/\/allship.es\/es\/wp-json\/wp\/v2\/product_brand?post=2870"},{"taxonomy":"product_cat","embeddable":true,"href":"https:\/\/allship.es\/es\/wp-json\/wp\/v2\/product_cat?post=2870"},{"taxonomy":"product_tag","embeddable":true,"href":"https:\/\/allship.es\/es\/wp-json\/wp\/v2\/product_tag?post=2870"}],"curies":[{"name":"wp","href":"https:\/\/api.w.org\/{rel}","templated":true}]}}