{"id":2851,"date":"2024-06-04T18:33:01","date_gmt":"2024-06-04T16:33:01","guid":{"rendered":"https:\/\/allship.es\/producte\/sense%20categoria\/lowrance-hook2-4x-gps-bullet-skimmer-row-2\/"},"modified":"2024-07-23T17:41:10","modified_gmt":"2024-07-23T15:41:10","slug":"lowrance-hook2-4x-gps-bullet-skimmer-row-2","status":"publish","type":"product","link":"https:\/\/allship.es\/es\/producto\/lowrance-hook2-4x-gps-bullet-skimmer-row-2\/","title":{"rendered":"LOWRANCE HOOK2-4x GPS Bullet Skimmer ROW"},"content":{"rendered":"<h3><strong>LOWRANCE HOOK2-4x GPS Bullet Skimmer ROW \u2013 Sonda de Pesca con GPS<\/strong><\/h3>\n<p><strong>Descripci\u00f3n General:<\/strong><\/p>\n<p>El <strong>Lowrance HOOK2-4x GPS Bullet Skimmer ROW<\/strong> es conocido como la sonda m\u00e1s f\u00e1cil de usar en el mercado, ahora con capacidades de GPS integradas. Este dispositivo no solo simplifica la pesca con sus men\u00fas intuitivos y acceso r\u00e1pido a funciones clave, sino que tambi\u00e9n incluye un sonar de ajuste autom\u00e1tico y un trazador GPS preciso y f\u00e1cil de usar.<\/p>\n<p><strong>Caracter\u00edsticas Principales:<\/strong><\/p>\n<ul>\n<li><strong>Men\u00fas Simples y Acceso F\u00e1cil:<\/strong> Su dise\u00f1o facilita la navegaci\u00f3n por los men\u00fas y proporciona un acceso r\u00e1pido a las funciones m\u00e1s importantes, optimizando la experiencia de pesca.<\/li>\n<li><strong>Sonar de Ajuste Autom\u00e1tico y GPS Integrado:<\/strong> Equipado con sonar de banda ancha de \u00e1ngulo amplio para una cobertura efectiva y un GPS que permite trazar rutas y localizar puntos de pesca con precisi\u00f3n.<\/li>\n<li><strong>Rendimiento Probado de Lowrance\u00ae:<\/strong> El dispositivo asegura un rendimiento fiable y de alta calidad, caracter\u00edsticas que definen a los productos Lowrance.<\/li>\n<\/ul>\n<p><strong>Aplicaciones:<\/strong><\/p>\n<p>Ideal para pescadores que desean una herramienta pr\u00e1ctica y efectiva, el <strong>HOOK2-4x GPS Bullet Skimmer<\/strong> es perfecto para cualquier tipo de embarcaci\u00f3n, facilitando la pesca y la navegaci\u00f3n.<\/p>\n","protected":false},"excerpt":{"rendered":"<p>HOOK2-4x GPS Bullet Skimmer ROW la sonda m\u00e1s f\u00e1cil del mundo, HOOK2 4x GPS Bullet ofrece men\u00fas sencillos, f\u00e1cil acceso a las funciones clave y el sonar de ajuste autom\u00e1tico. Impulsado por el rendimiento Lowrance\u00ae probado, el GPS HOOK2 4x incluye una cobertura de sonar de banda ancha de ancho angular, adem\u00e1s de un trazador GPS sencillo y preciso. Basta con conectarlo y pescar, as\u00ed de f\u00e1cil.<\/p>\n","protected":false},"featured_media":2622,"comment_status":"open","ping_status":"closed","template":"","meta":{"_et_pb_use_builder":"","_et_pb_old_content":"","_et_gb_content_width":""},"product_brand":[],"product_cat":[76],"product_tag":[],"class_list":{"0":"post-2851","1":"product","2":"type-product","3":"status-publish","4":"has-post-thumbnail","6":"product_cat-electronica-navegacion-es","8":"first","9":"instock","10":"taxable","11":"shipping-taxable","12":"purchasable","13":"product-type-simple"},"_links":{"self":[{"href":"https:\/\/allship.es\/es\/wp-json\/wp\/v2\/product\/2851","targetHints":{"allow":["GET"]}}],"collection":[{"href":"https:\/\/allship.es\/es\/wp-json\/wp\/v2\/product"}],"about":[{"href":"https:\/\/allship.es\/es\/wp-json\/wp\/v2\/types\/product"}],"replies":[{"embeddable":true,"href":"https:\/\/allship.es\/es\/wp-json\/wp\/v2\/comments?post=2851"}],"wp:featuredmedia":[{"embeddable":true,"href":"https:\/\/allship.es\/es\/wp-json\/wp\/v2\/media\/2622"}],"wp:attachment":[{"href":"https:\/\/allship.es\/es\/wp-json\/wp\/v2\/media?parent=2851"}],"wp:term":[{"taxonomy":"product_brand","embeddable":true,"href":"https:\/\/allship.es\/es\/wp-json\/wp\/v2\/product_brand?post=2851"},{"taxonomy":"product_cat","embeddable":true,"href":"https:\/\/allship.es\/es\/wp-json\/wp\/v2\/product_cat?post=2851"},{"taxonomy":"product_tag","embeddable":true,"href":"https:\/\/allship.es\/es\/wp-json\/wp\/v2\/product_tag?post=2851"}],"curies":[{"name":"wp","href":"https:\/\/api.w.org\/{rel}","templated":true}]}}