{"id":2830,"date":"2024-06-04T19:16:58","date_gmt":"2024-06-04T17:16:58","guid":{"rendered":"https:\/\/allship.es\/producte\/sense%20categoria\/raymarine-element-s-7-display-mf-7-wifi-chirp-1-canal-2\/"},"modified":"2024-07-23T19:30:07","modified_gmt":"2024-07-23T17:30:07","slug":"raymarine-element-s-7-display-mf-7-wifi-chirp-1-canal-2","status":"publish","type":"product","link":"https:\/\/allship.es\/es\/producto\/raymarine-element-s-7-display-mf-7-wifi-chirp-1-canal-2\/","title":{"rendered":"RAYMARINE ELEMENT S 7 &#8211; Display MF 7&#8243;, WiFi, CHIRP 1 CANAL"},"content":{"rendered":"<p>El <strong>Display Multifunci\u00f3n Element 7 S<\/strong> de Raymarine es una herramienta esencial para los pescadores que buscan mantenerse un paso adelante en su actividad. Equipado con GPS y tecnolog\u00eda CHIRP en un solo canal, este dispositivo de 7 pulgadas ofrece una visi\u00f3n n\u00edtida del mundo submarino, aunque no incluye cartograf\u00eda ni transductor.<\/p>\n<p><strong>Caracter\u00edsticas Principales:<\/strong><\/p>\n<ul>\n<li><strong>Tecnolog\u00eda CHIRP:<\/strong> Proporciona im\u00e1genes claras y detalladas del fondo marino y la vida acu\u00e1tica, facilitando la identificaci\u00f3n de peces y estructuras bajo el agua.<\/li>\n<li><strong>Conectividad WiFi:<\/strong> Permite la sincronizaci\u00f3n con dispositivos m\u00f3viles para una navegaci\u00f3n y gesti\u00f3n m\u00e1s eficientes de la informaci\u00f3n de pesca.<\/li>\n<li><strong>GPS Integrado:<\/strong> Ofrece precisi\u00f3n en la navegaci\u00f3n y la localizaci\u00f3n de puntos de pesca clave, asegurando que siempre encuentres los mejores lugares.<\/li>\n<li><strong>Pantalla de Alta Resoluci\u00f3n:<\/strong> La pantalla de 7 pulgadas muestra im\u00e1genes claras y brillantes, ideal para leer en cualquier condici\u00f3n de luz.<\/li>\n<\/ul>\n<p><strong>Aplicaciones:<\/strong><\/p>\n<p>Dise\u00f1ado para pescadores que desean tecnolog\u00eda avanzada sin complicaciones, el <strong>Element 7 S<\/strong> es perfecto para quienes buscan eficacia y claridad en su equipo de pesca, proporcionando una ventaja competitiva significativa.<\/p>\n","protected":false},"excerpt":{"rendered":"<p>Element 7 S &#8211; GPS y CHIRP, 7&#8243;, WiFi, sin carta ni transductor. Dise\u00f1ado para los pescadores que desean estar siempre un paso por delante, Elemento ofrece la visi\u00f3n m\u00e1s n\u00edtida del mundo submarino.<\/p>\n","protected":false},"featured_media":2668,"comment_status":"open","ping_status":"closed","template":"","meta":{"_et_pb_use_builder":"","_et_pb_old_content":"","_et_gb_content_width":""},"product_brand":[],"product_cat":[76],"product_tag":[],"class_list":{"0":"post-2830","1":"product","2":"type-product","3":"status-publish","4":"has-post-thumbnail","6":"product_cat-electronica-navegacion-es","8":"first","9":"instock","10":"taxable","11":"shipping-taxable","12":"purchasable","13":"product-type-simple"},"_links":{"self":[{"href":"https:\/\/allship.es\/es\/wp-json\/wp\/v2\/product\/2830","targetHints":{"allow":["GET"]}}],"collection":[{"href":"https:\/\/allship.es\/es\/wp-json\/wp\/v2\/product"}],"about":[{"href":"https:\/\/allship.es\/es\/wp-json\/wp\/v2\/types\/product"}],"replies":[{"embeddable":true,"href":"https:\/\/allship.es\/es\/wp-json\/wp\/v2\/comments?post=2830"}],"wp:featuredmedia":[{"embeddable":true,"href":"https:\/\/allship.es\/es\/wp-json\/wp\/v2\/media\/2668"}],"wp:attachment":[{"href":"https:\/\/allship.es\/es\/wp-json\/wp\/v2\/media?parent=2830"}],"wp:term":[{"taxonomy":"product_brand","embeddable":true,"href":"https:\/\/allship.es\/es\/wp-json\/wp\/v2\/product_brand?post=2830"},{"taxonomy":"product_cat","embeddable":true,"href":"https:\/\/allship.es\/es\/wp-json\/wp\/v2\/product_cat?post=2830"},{"taxonomy":"product_tag","embeddable":true,"href":"https:\/\/allship.es\/es\/wp-json\/wp\/v2\/product_tag?post=2830"}],"curies":[{"name":"wp","href":"https:\/\/api.w.org\/{rel}","templated":true}]}}