{"id":2828,"date":"2024-06-04T19:18:18","date_gmt":"2024-06-04T17:18:18","guid":{"rendered":"https:\/\/allship.es\/producte\/sin%20categor\u00eda\/raymarine-element-s-9-display-mf-9-wifi-downvision-sin-transductor\/"},"modified":"2024-07-27T22:57:07","modified_gmt":"2024-07-27T20:57:07","slug":"raymarine-element-s-9-display-mf-9-wifi-downvision-sin-transductor","status":"publish","type":"product","link":"https:\/\/allship.es\/es\/producto\/raymarine-element-s-9-display-mf-9-wifi-downvision-sin-transductor\/","title":{"rendered":"RAYMARINE ELEMENT S 9 &#8211; Display MF 9&#8243;, WiFi, Downvision, sin transductor"},"content":{"rendered":"<p>[et_pb_section fb_built=\u00bb1&#8243; theme_builder_area=\u00bbpost_content\u00bb _builder_version=\u00bb4.27.0&#8243; _module_preset=\u00bbdefault\u00bb][\/et_pb_section]<\/p>\n","protected":false},"excerpt":{"rendered":"<p>Element 9 S &#8211; GPS y CHIRP, 9&#8243;, WiFi, sin carta ni transductor. Dise\u00f1ado para los pescadores que desean estar siempre un paso por delante, Elemento ofrece la visi\u00f3n m\u00e1s n\u00edtida del mundo submarino.<\/p>\n","protected":false},"featured_media":2676,"comment_status":"open","ping_status":"closed","template":"","meta":{"_et_pb_use_builder":"on","_et_pb_old_content":"El <strong>Display Multifunci\u00f3n Element 9 S<\/strong> de Raymarine est\u00e1 dise\u00f1ado espec\u00edficamente para pescadores que buscan estar siempre un paso adelante. Equipado con GPS y tecnolog\u00eda CHIRP, este dispositivo de 9 pulgadas ofrece la visi\u00f3n m\u00e1s n\u00edtida del mundo submarino, aunque no incluye cartograf\u00eda ni transductor.\r\n\r\n<strong>Caracter\u00edsticas Principales:<\/strong>\r\n<ul>\r\n \t<li><strong>Tecnolog\u00eda CHIRP:<\/strong> Proporciona im\u00e1genes submarinas extremadamente claras y detalladas, facilitando la localizaci\u00f3n de peces y la identificaci\u00f3n de estructuras subacu\u00e1ticas.<\/li>\r\n \t<li><strong>GPS Integrado:<\/strong> Asegura una navegaci\u00f3n precisa y facilita el retorno a puntos de pesca productivos o la exploraci\u00f3n de nuevos sitios.<\/li>\r\n \t<li><strong>Conectividad WiFi:<\/strong> Permite la integraci\u00f3n sin problemas con otros dispositivos a bordo y ofrece la posibilidad de gestionar ajustes y datos desde dispositivos m\u00f3viles.<\/li>\r\n \t<li><strong>Pantalla Grande de Alta Resoluci\u00f3n:<\/strong> La pantalla de 9 pulgadas es perfecta para visualizar detalles finos y asegura una lectura f\u00e1cil desde cualquier parte de la embarcaci\u00f3n.<\/li>\r\n<\/ul>\r\n<strong>Aplicaciones:<\/strong>\r\n\r\nIdeal para pescadores avanzados que demandan lo mejor en tecnolog\u00eda de navegaci\u00f3n y detecci\u00f3n de peces, el <strong>Element 9 S<\/strong> combina rendimiento y simplicidad para ofrecer una experiencia de pesca inigualable.","_et_gb_content_width":""},"product_brand":[],"product_cat":[76],"product_tag":[],"class_list":{"0":"post-2828","1":"product","2":"type-product","3":"status-publish","4":"has-post-thumbnail","6":"product_cat-electronica-navegacion-es","8":"first","9":"instock","10":"taxable","11":"shipping-taxable","12":"purchasable","13":"product-type-simple"},"_links":{"self":[{"href":"https:\/\/allship.es\/es\/wp-json\/wp\/v2\/product\/2828","targetHints":{"allow":["GET"]}}],"collection":[{"href":"https:\/\/allship.es\/es\/wp-json\/wp\/v2\/product"}],"about":[{"href":"https:\/\/allship.es\/es\/wp-json\/wp\/v2\/types\/product"}],"replies":[{"embeddable":true,"href":"https:\/\/allship.es\/es\/wp-json\/wp\/v2\/comments?post=2828"}],"wp:featuredmedia":[{"embeddable":true,"href":"https:\/\/allship.es\/es\/wp-json\/wp\/v2\/media\/2676"}],"wp:attachment":[{"href":"https:\/\/allship.es\/es\/wp-json\/wp\/v2\/media?parent=2828"}],"wp:term":[{"taxonomy":"product_brand","embeddable":true,"href":"https:\/\/allship.es\/es\/wp-json\/wp\/v2\/product_brand?post=2828"},{"taxonomy":"product_cat","embeddable":true,"href":"https:\/\/allship.es\/es\/wp-json\/wp\/v2\/product_cat?post=2828"},{"taxonomy":"product_tag","embeddable":true,"href":"https:\/\/allship.es\/es\/wp-json\/wp\/v2\/product_tag?post=2828"}],"curies":[{"name":"wp","href":"https:\/\/api.w.org\/{rel}","templated":true}]}}